{"id":220,"date":"2022-09-05T15:40:49","date_gmt":"2022-09-05T07:40:49","guid":{"rendered":"http:\/\/www.bpnmi.org\/?page_id=220"},"modified":"2024-11-07T10:35:46","modified_gmt":"2024-11-07T02:35:46","slug":"member-associations","status":"publish","type":"page","link":"https:\/\/www.bpnmi.org\/index.php\/member-associations\/","title":{"rendered":"Member Organizations"},"content":{"rendered":"<p><strong><b>\u4e2d\u6587<\/b><\/strong><\/p>\n<p>\u6fb3\u9580\u85e5\u7406\u5354\u6703<\/p>\n<p><strong><b>\u8461\u6587<\/b><\/strong><\/p>\n<p>Associa\u00e7\u00e3o de Farmacologia de Macau<\/p>\n<p>\u82f1\u6587<\/p>\n<p>Macau Pharmacology Association<\/p>\n<p><strong><b>\u7c21\u7a31<\/b><\/strong><\/p>\n<p>MPA<\/p>\n<p><strong><b>\u00a0<\/b><\/strong><\/p>\n<p><strong><b>\u4e2d\u6587<\/b><\/strong><\/p>\n<p>\u300c\u4e00\u5e36\u4e00\u8def\u300d\u53ca\u8461\u8a9e\u7cfb\u570b\u5bb6\u5929\u7136\u85e5\u7269\u5275\u65b0\u806f\u76df (\u6fb3\u9580)<\/p>\n<p><strong><b>\u8461\u6587<\/b><\/strong><\/p>\n<p>Cons\u00f3rcio de &#8220;Cintur\u00e3o e Rota&#8221; Pa\u00edses de L\u00edngua Portuguesa para a Inova\u00e7\u00e3o em Medicina Natural (Macau)<\/p>\n<p><strong><b>\u82f1\u6587<\/b><\/strong><\/p>\n<p>Consortium of &#8216;Belt and Road&#8217; and Portuguese-Speaking Countries for Natural Medicine Innovation (Macao)<\/p>\n<p><strong><b>\u7c21\u7a31<\/b><\/strong><\/p>\n<p>BPNMI Consortium<\/p>\n<p>&nbsp;<\/p>\n<p>&nbsp;<\/p>\n<p><strong><b>\u4e2d\u6587<\/b><\/strong><\/p>\n<p>\u4e2d\u570b\u8207\u8461\u8a9e\u7cfb\u570b\u5bb6\u5929\u7136\u7522\u7269\u66a8\u751f\u7269\u7d93\u6fdf\u5354\u6703\uff08\u6fb3\u9580\uff09<\/p>\n<p><strong><b>\u8461\u6587<\/b><\/strong><\/p>\n<p>Associa\u00e7\u00e3o China Comunidade dos Pa\u00edses de L\u00edngua Portuguesade Produtos Naturais e Bioeconomia (Macau)<\/p>\n<p><strong><b>\u82f1\u6587<\/b><\/strong><\/p>\n<p>China-Portuguese-Speaking Countries Association of Natural Products and Bioeconomy (Macao)<\/p>\n<p><strong><b>\u7c21\u7a31<\/b><\/strong><\/p>\n<p><strong><em><b><i>(TBC)<\/i><\/b><\/em><\/strong><em><i>\u00a0CP?<\/i><\/em><\/p>\n<p>&nbsp;<\/p>\n<p>&nbsp;<\/p>\n<p>Not yet officially registered below:<\/p>\n<p><em><i>\u4e2d\u6587\u540d\u7a31\uff1a<\/i><\/em><em><i>\u6fb3\u9580\u85e5\u7406\u5b78\u548c\u5be6\u9a57\u6cbb\u7642\u5b78\u6703<\/i><\/em><em><i>\u3002<\/i><\/em><\/p>\n<p><em><i>\u8461\u6587\u540d\u7a31\uff1a<\/i><\/em><em><i>Associa\u00e7\u00e3o de Farmacologia e Terap\u00eautica Experimental de Macau<\/i><\/em><em><i>\u3002 <\/i><\/em><\/p>\n<p><em><i>\u82f1\u6587\u540d\u7a31\uff1a<\/i><\/em><em><i>Macau Society for Pharmacology and Experimental Therapeutics <\/i><\/em><\/p>\n<p><em><i>\u82f1\u6587<\/i><\/em><em><i>\u7c21\u7a31: <\/i><\/em><em><i>\u00a0<\/i><\/em><em><i>MSPET<\/i><\/em><\/p>","protected":false},"excerpt":{"rendered":"<p>\u4e2d\u6587 \u6fb3\u9580\u85e5\u7406\u5354\u6703 \u8461\u6587 Associa\u00e7\u00e3o de Farmacologia de Macau \u82f1\u6587 Macau Pharmacology Association \u7c21\u7a31 MPA \u00a0 \u4e2d\u6587 \u300c\u4e00\u5e36\u4e00\u8def\u300d\u53ca\u8461\u8a9e\u7cfb\u570b\u5bb6\u5929\u7136\u85e5\u7269\u5275\u65b0\u806f\u76df (\u6fb3\u9580) \u8461\u6587 Cons\u00f3rcio de &#8220;Cintur\u00e3o e Rota&#8221; Pa\u00edses de L\u00edngua Portuguesa para a [&hellip;]<\/p>\n","protected":false},"author":1,"featured_media":0,"parent":0,"menu_order":0,"comment_status":"closed","ping_status":"closed","template":"","meta":{"_et_pb_use_builder":"","_et_pb_old_content":"","_et_gb_content_width":"","footnotes":""},"class_list":["post-220","page","type-page","status-publish","hentry"],"_links":{"self":[{"href":"https:\/\/www.bpnmi.org\/index.php\/wp-json\/wp\/v2\/pages\/220","targetHints":{"allow":["GET"]}}],"collection":[{"href":"https:\/\/www.bpnmi.org\/index.php\/wp-json\/wp\/v2\/pages"}],"about":[{"href":"https:\/\/www.bpnmi.org\/index.php\/wp-json\/wp\/v2\/types\/page"}],"author":[{"embeddable":true,"href":"https:\/\/www.bpnmi.org\/index.php\/wp-json\/wp\/v2\/users\/1"}],"replies":[{"embeddable":true,"href":"https:\/\/www.bpnmi.org\/index.php\/wp-json\/wp\/v2\/comments?post=220"}],"version-history":[{"count":3,"href":"https:\/\/www.bpnmi.org\/index.php\/wp-json\/wp\/v2\/pages\/220\/revisions"}],"predecessor-version":[{"id":721,"href":"https:\/\/www.bpnmi.org\/index.php\/wp-json\/wp\/v2\/pages\/220\/revisions\/721"}],"wp:attachment":[{"href":"https:\/\/www.bpnmi.org\/index.php\/wp-json\/wp\/v2\/media?parent=220"}],"curies":[{"name":"wp","href":"https:\/\/api.w.org\/{rel}","templated":true}]}}